{"id":636,"date":"2024-05-13T12:18:07","date_gmt":"2024-05-13T10:18:07","guid":{"rendered":"https:\/\/www.nextprotennis.com\/avis-legal\/"},"modified":"2024-05-14T10:18:10","modified_gmt":"2024-05-14T08:18:10","slug":"avis-legal","status":"publish","type":"page","link":"https:\/\/www.nextprotennis.com\/ca\/avis-legal\/","title":{"rendered":"Av\u00eds Legal"},"content":{"rendered":"\t\t<div data-elementor-type=\"wp-page\" data-elementor-id=\"636\" class=\"elementor elementor-636 elementor-574\" data-elementor-post-type=\"page\">\n\t\t\t\t<div class=\"elementor-element elementor-element-2c5daf8 e-flex e-con-boxed e-con e-parent\" data-id=\"2c5daf8\" data-element_type=\"container\" data-settings=\"{&quot;jet_parallax_layout_list&quot;:[]}\">\n\t\t\t\t\t<div class=\"e-con-inner\">\n\t\t\t\t<div class=\"elementor-element elementor-element-017910d elementor-widget elementor-widget-text-editor\" data-id=\"017910d\" data-element_type=\"widget\" data-widget_type=\"text-editor.default\">\n\t\t\t\t<div class=\"elementor-widget-container\">\n\t\t\t\t\t\t\t\t\t<div>\n\n\n    <meta charset=\"UTF-8\">\n    <title>Av\u00eds Legal<\/title>\n\n\n    <h1>Av\u00eds Legal<\/h1>\n\n    <h2>Informaci\u00f3 General<\/h2>\n    <p><strong>Empresa<\/strong>: NextPro High Performance Tennis Team, SL<\/p>\n    <p><strong>CIF:<\/strong> [Insertar CIF]<\/p>\n    <p><strong>Domicili Social:<\/strong> [Insertar direcci\u00f3n completa]<\/p>\n    <p><strong>Email de contacte<\/strong>: info@nextprotennis.com<\/p>\n    <p><strong>Tel\u00e8fon:<\/strong> [Insertar n\u00famero de tel\u00e9fono]<\/p>\n\n    <h2>Propietat Intel\u00b7lectual i Industrial<\/h2>\n    <p>El contingut d&#8217;aquest lloc web est\u00e0 protegit per drets de propietat intel\u00b7lectual i industrial. Est\u00e0 prohibida la seva reproducci\u00f3 o transformaci\u00f3 sense l&#8217;autoritzaci\u00f3 pr\u00e8via i expl\u00edcita de NextPro High Performance Tennis Team, SL.<\/p>\n\n    <h2>Responsabilitat dels Continguts<\/h2>\n    <p>NextPro High Performance Tennis Team, SL no es responsabilitza per la legalitat d&#8217;altres llocs web de tercers des dels quals pugui accedir-se al portal. Tampoc respon per la legalitat d&#8217;altres llocs web que puguin estar enlla\u00e7ats o vinculats des d&#8217;aquest portal.<\/p>\n\n    <h2>Reproducci\u00f3 de Continguts<\/h2>\n    <p>Queda prohibida la reproducci\u00f3 total o parcial dels continguts sense el perm\u00eds previ per escrit de NextPro High Performance Tennis Team, SL.<\/p>\n\n    <h2>Registre i Seguretat<\/h2>\n    <p>NextPro High Performance Tennis Team, SL compleix amb les obligacions de seguretat de les dades personals dels seus usuaris, en l\u00ednia amb el Reglament General de Protecci\u00f3 de Dades (RGPD).<\/p>\n\n    <h2>Legislaci\u00f3 Aplicable i Jurisdicci\u00f3 Competent<\/h2>\n    <p>Aquest Av\u00eds Legal es regeix per la normativa espanyola. Qualsevol controv\u00e8rsia es resoldr\u00e0 en els tribunals del domicili de NextPro High Performance Tennis Team, SL.<\/p>\n\n    <h2>Modificacions de l&#8217;Av\u00eds Legal<\/h2>\n    <p>Aquest av\u00eds legal pot ser modificat. Es recomana revisar peri\u00f2dicament aquesta p\u00e0gina per a con\u00e8ixer els canvis aplicables.<\/p>\n\n<\/div>\t\t\t\t\t\t\t\t<\/div>\n\t\t\t\t<\/div>\n\t\t\t\t\t<\/div>\n\t\t\t\t<\/div>\n\t\t\t\t<\/div>\n\t\t","protected":false},"excerpt":{"rendered":"<p>Av\u00eds Legal Av\u00eds Legal Informaci\u00f3 General Empresa: NextPro High Performance Tennis Team, SL CIF: [Insertar CIF] Domicili Social: [Insertar direcci\u00f3n completa] Email de contacte: info@nextprotennis.com Tel\u00e8fon: [Insertar n\u00famero de tel\u00e9fono] Propietat Intel\u00b7lectual i Industrial El contingut d&#8217;aquest lloc web est\u00e0 protegit per drets de propietat intel\u00b7lectual i industrial. Est\u00e0 prohibida la seva reproducci\u00f3 o transformaci\u00f3 [&hellip;]<\/p>\n","protected":false},"author":1,"featured_media":0,"parent":0,"menu_order":0,"comment_status":"closed","ping_status":"closed","template":"","meta":{"_acf_changed":false,"footnotes":""},"class_list":["post-636","page","type-page","status-publish","hentry"],"acf":[],"yoast_head":"<!-- This site is optimized with the Yoast SEO Premium plugin v26.2 (Yoast SEO v26.8) - https:\/\/yoast.com\/product\/yoast-seo-premium-wordpress\/ -->\n<title>Av\u00eds Legal - NEXTPRO High-Performance Tennis Team<\/title>\n<meta name=\"robots\" content=\"index, follow, max-snippet:-1, max-image-preview:large, max-video-preview:-1\" \/>\n<link rel=\"canonical\" href=\"https:\/\/www.nextprotennis.com\/aviso-legal\/\" \/>\n<meta property=\"og:locale\" content=\"ca_ES\" \/>\n<meta property=\"og:type\" content=\"article\" \/>\n<meta property=\"og:title\" content=\"Av\u00eds Legal\" \/>\n<meta property=\"og:description\" content=\"Av\u00eds Legal Av\u00eds Legal Informaci\u00f3 General Empresa: NextPro High Performance Tennis Team, SL CIF: [Insertar CIF] Domicili Social: [Insertar direcci\u00f3n completa] Email de contacte: info@nextprotennis.com Tel\u00e8fon: [Insertar n\u00famero de tel\u00e9fono] Propietat Intel\u00b7lectual i Industrial El contingut d&#8217;aquest lloc web est\u00e0 protegit per drets de propietat intel\u00b7lectual i industrial. Est\u00e0 prohibida la seva reproducci\u00f3 o transformaci\u00f3 [&hellip;]\" \/>\n<meta property=\"og:url\" content=\"https:\/\/www.nextprotennis.com\/aviso-legal\/\" \/>\n<meta property=\"og:site_name\" content=\"NEXTPRO High-Performance Tennis Team\" \/>\n<meta property=\"article:publisher\" content=\"https:\/\/www.facebook.com\/NEXTPRO.tennis\/\" \/>\n<meta property=\"article:modified_time\" content=\"2024-05-14T08:18:10+00:00\" \/>\n<meta name=\"twitter:card\" content=\"summary_large_image\" \/>\n<meta name=\"twitter:label1\" content=\"Temps estimat de lectura\" \/>\n\t<meta name=\"twitter:data1\" content=\"1 minut\" \/>\n<script type=\"application\/ld+json\" class=\"yoast-schema-graph\">{\"@context\":\"https:\/\/schema.org\",\"@graph\":[{\"@type\":\"WebPage\",\"@id\":\"https:\/\/www.nextprotennis.com\/aviso-legal\/\",\"url\":\"https:\/\/www.nextprotennis.com\/aviso-legal\/\",\"name\":\"Av\u00eds Legal - NEXTPRO High-Performance Tennis Team\",\"isPartOf\":{\"@id\":\"https:\/\/www.nextprotennis.com\/#website\"},\"datePublished\":\"2024-05-13T10:18:07+00:00\",\"dateModified\":\"2024-05-14T08:18:10+00:00\",\"breadcrumb\":{\"@id\":\"https:\/\/www.nextprotennis.com\/aviso-legal\/#breadcrumb\"},\"inLanguage\":\"ca\",\"potentialAction\":[{\"@type\":\"ReadAction\",\"target\":[\"https:\/\/www.nextprotennis.com\/aviso-legal\/\"]}]},{\"@type\":\"BreadcrumbList\",\"@id\":\"https:\/\/www.nextprotennis.com\/aviso-legal\/#breadcrumb\",\"itemListElement\":[{\"@type\":\"ListItem\",\"position\":1,\"name\":\"Portada\",\"item\":\"https:\/\/www.nextprotennis.com\/\"},{\"@type\":\"ListItem\",\"position\":2,\"name\":\"Av\u00eds Legal\"}]},{\"@type\":\"WebSite\",\"@id\":\"https:\/\/www.nextprotennis.com\/#website\",\"url\":\"https:\/\/www.nextprotennis.com\/\",\"name\":\"NEXTPRO High-Performance Tennis Team\",\"description\":\"High-Performance Tennis Team\",\"publisher\":{\"@id\":\"https:\/\/www.nextprotennis.com\/#organization\"},\"potentialAction\":[{\"@type\":\"SearchAction\",\"target\":{\"@type\":\"EntryPoint\",\"urlTemplate\":\"https:\/\/www.nextprotennis.com\/?s={search_term_string}\"},\"query-input\":{\"@type\":\"PropertyValueSpecification\",\"valueRequired\":true,\"valueName\":\"search_term_string\"}}],\"inLanguage\":\"ca\"},{\"@type\":\"Organization\",\"@id\":\"https:\/\/www.nextprotennis.com\/#organization\",\"name\":\"NEXTPRO High-Performance Tennis Team\",\"url\":\"https:\/\/www.nextprotennis.com\/\",\"logo\":{\"@type\":\"ImageObject\",\"inLanguage\":\"ca\",\"@id\":\"https:\/\/www.nextprotennis.com\/#\/schema\/logo\/image\/\",\"url\":\"https:\/\/www.nextprotennis.com\/wp-content\/uploads\/2020\/02\/Color-logo-no-background.svg\",\"contentUrl\":\"https:\/\/www.nextprotennis.com\/wp-content\/uploads\/2020\/02\/Color-logo-no-background.svg\",\"width\":3169.971671388102,\"height\":1232.2946824027863,\"caption\":\"NEXTPRO High-Performance Tennis Team\"},\"image\":{\"@id\":\"https:\/\/www.nextprotennis.com\/#\/schema\/logo\/image\/\"},\"sameAs\":[\"https:\/\/www.facebook.com\/NEXTPRO.tennis\/\",\"https:\/\/www.instagram.com\/nextpro.tennis\"]}]}<\/script>\n<!-- \/ Yoast SEO Premium plugin. -->","yoast_head_json":{"title":"Av\u00eds Legal - NEXTPRO High-Performance Tennis Team","robots":{"index":"index","follow":"follow","max-snippet":"max-snippet:-1","max-image-preview":"max-image-preview:large","max-video-preview":"max-video-preview:-1"},"canonical":"https:\/\/www.nextprotennis.com\/aviso-legal\/","og_locale":"ca_ES","og_type":"article","og_title":"Av\u00eds Legal","og_description":"Av\u00eds Legal Av\u00eds Legal Informaci\u00f3 General Empresa: NextPro High Performance Tennis Team, SL CIF: [Insertar CIF] Domicili Social: [Insertar direcci\u00f3n completa] Email de contacte: info@nextprotennis.com Tel\u00e8fon: [Insertar n\u00famero de tel\u00e9fono] Propietat Intel\u00b7lectual i Industrial El contingut d&#8217;aquest lloc web est\u00e0 protegit per drets de propietat intel\u00b7lectual i industrial. Est\u00e0 prohibida la seva reproducci\u00f3 o transformaci\u00f3 [&hellip;]","og_url":"https:\/\/www.nextprotennis.com\/aviso-legal\/","og_site_name":"NEXTPRO High-Performance Tennis Team","article_publisher":"https:\/\/www.facebook.com\/NEXTPRO.tennis\/","article_modified_time":"2024-05-14T08:18:10+00:00","twitter_card":"summary_large_image","twitter_misc":{"Temps estimat de lectura":"1 minut"},"schema":{"@context":"https:\/\/schema.org","@graph":[{"@type":"WebPage","@id":"https:\/\/www.nextprotennis.com\/aviso-legal\/","url":"https:\/\/www.nextprotennis.com\/aviso-legal\/","name":"Av\u00eds Legal - NEXTPRO High-Performance Tennis Team","isPartOf":{"@id":"https:\/\/www.nextprotennis.com\/#website"},"datePublished":"2024-05-13T10:18:07+00:00","dateModified":"2024-05-14T08:18:10+00:00","breadcrumb":{"@id":"https:\/\/www.nextprotennis.com\/aviso-legal\/#breadcrumb"},"inLanguage":"ca","potentialAction":[{"@type":"ReadAction","target":["https:\/\/www.nextprotennis.com\/aviso-legal\/"]}]},{"@type":"BreadcrumbList","@id":"https:\/\/www.nextprotennis.com\/aviso-legal\/#breadcrumb","itemListElement":[{"@type":"ListItem","position":1,"name":"Portada","item":"https:\/\/www.nextprotennis.com\/"},{"@type":"ListItem","position":2,"name":"Av\u00eds Legal"}]},{"@type":"WebSite","@id":"https:\/\/www.nextprotennis.com\/#website","url":"https:\/\/www.nextprotennis.com\/","name":"NEXTPRO High-Performance Tennis Team","description":"High-Performance Tennis Team","publisher":{"@id":"https:\/\/www.nextprotennis.com\/#organization"},"potentialAction":[{"@type":"SearchAction","target":{"@type":"EntryPoint","urlTemplate":"https:\/\/www.nextprotennis.com\/?s={search_term_string}"},"query-input":{"@type":"PropertyValueSpecification","valueRequired":true,"valueName":"search_term_string"}}],"inLanguage":"ca"},{"@type":"Organization","@id":"https:\/\/www.nextprotennis.com\/#organization","name":"NEXTPRO High-Performance Tennis Team","url":"https:\/\/www.nextprotennis.com\/","logo":{"@type":"ImageObject","inLanguage":"ca","@id":"https:\/\/www.nextprotennis.com\/#\/schema\/logo\/image\/","url":"https:\/\/www.nextprotennis.com\/wp-content\/uploads\/2020\/02\/Color-logo-no-background.svg","contentUrl":"https:\/\/www.nextprotennis.com\/wp-content\/uploads\/2020\/02\/Color-logo-no-background.svg","width":3169.971671388102,"height":1232.2946824027863,"caption":"NEXTPRO High-Performance Tennis Team"},"image":{"@id":"https:\/\/www.nextprotennis.com\/#\/schema\/logo\/image\/"},"sameAs":["https:\/\/www.facebook.com\/NEXTPRO.tennis\/","https:\/\/www.instagram.com\/nextpro.tennis"]}]}},"_links":{"self":[{"href":"https:\/\/www.nextprotennis.com\/ca\/wp-json\/wp\/v2\/pages\/636","targetHints":{"allow":["GET"]}}],"collection":[{"href":"https:\/\/www.nextprotennis.com\/ca\/wp-json\/wp\/v2\/pages"}],"about":[{"href":"https:\/\/www.nextprotennis.com\/ca\/wp-json\/wp\/v2\/types\/page"}],"author":[{"embeddable":true,"href":"https:\/\/www.nextprotennis.com\/ca\/wp-json\/wp\/v2\/users\/1"}],"replies":[{"embeddable":true,"href":"https:\/\/www.nextprotennis.com\/ca\/wp-json\/wp\/v2\/comments?post=636"}],"version-history":[{"count":4,"href":"https:\/\/www.nextprotennis.com\/ca\/wp-json\/wp\/v2\/pages\/636\/revisions"}],"predecessor-version":[{"id":776,"href":"https:\/\/www.nextprotennis.com\/ca\/wp-json\/wp\/v2\/pages\/636\/revisions\/776"}],"wp:attachment":[{"href":"https:\/\/www.nextprotennis.com\/ca\/wp-json\/wp\/v2\/media?parent=636"}],"curies":[{"name":"wp","href":"https:\/\/api.w.org\/{rel}","templated":true}]}}