{"id":826,"date":"2024-05-13T12:13:08","date_gmt":"2024-05-13T10:13:08","guid":{"rendered":"https:\/\/www.nextprotennis.com\/politica-de-privacitat\/"},"modified":"2024-05-14T11:23:38","modified_gmt":"2024-05-14T09:23:38","slug":"politica-de-privacitat","status":"publish","type":"page","link":"https:\/\/www.nextprotennis.com\/ca\/politica-de-privacitat\/","title":{"rendered":"Pol\u00edtica de privacitat"},"content":{"rendered":"\t\t<div data-elementor-type=\"wp-page\" data-elementor-id=\"826\" class=\"elementor elementor-826 elementor-118\" data-elementor-post-type=\"page\">\n\t\t\t\t<div class=\"elementor-element elementor-element-408543bb e-flex e-con-boxed e-con e-parent\" data-id=\"408543bb\" data-element_type=\"container\" data-settings=\"{&quot;jet_parallax_layout_list&quot;:[]}\">\n\t\t\t\t\t<div class=\"e-con-inner\">\n\t\t\t\t<div class=\"elementor-element elementor-element-30e59d6c elementor-widget elementor-widget-text-editor\" data-id=\"30e59d6c\" data-element_type=\"widget\" data-widget_type=\"text-editor.default\">\n\t\t\t\t<div class=\"elementor-widget-container\">\n\t\t\t\t\t\t\t\t\t<h3>Informaci\u00f3 B\u00e0sica sobre Protecci\u00f3 de Dades<\/h3>\n<p><strong>Responsable<\/strong>: NextPro High Performance Tennis Team, SL<\/p>\n<p><strong>Finalitat<\/strong>: Gesti\u00f3 d&#8217;usuaris web, comunicacions comercials relacionades amb els nostres serveis.<\/p>\n<p><strong>Legitimaci\u00f3<\/strong>: Consentiment expr\u00e9s i inter\u00e8s leg\u00edtim.<\/p>\n<p><strong>Destinataris<\/strong>: No se cediran dades a tercers, excepte obligaci\u00f3 legal.<\/p>\n<p><strong>Drets<\/strong>: Accedir, rectificar i suprimir les dades, aix\u00ed com altres drets, com s&#8217;explica en la informaci\u00f3 addicional.<\/p>\n<p><strong>Informaci\u00f3 Addicional<\/strong>: Pots consultar la informaci\u00f3 addicional i detallada sobre Protecci\u00f3 de Dades en les cl\u00e0usules annexes que es troben en la <a href=\"https:\/\/www.nextprotennis.com\/politica-privacidad\">nostra pol\u00edtica de privacitat<\/a>.<\/p>\n<p>En <strong>NextPro<\/strong>, ens esforcem per oferir-te la millor experi\u00e8ncia possible a trav\u00e9s dels nostres productes i serveis. A vegades, \u00e9s necessari recopilar informaci\u00f3 per a aconseguir aix\u00f2. Ens importa la teva privacitat i creiem a ser transparents sobre aquest tema.<\/p>\n<\/p>\n<h3>Per a compliment de:<\/h3>\n<ul>\n<li>RGPD (Reglament General de Protecci\u00f3 de Dades de la UE 2016\/679)<\/li>\n<li>LSSI (Llei 34\/2002, de Serveis de la Societat de la Informaci\u00f3 i Comer\u00e7 Electr\u00f2nic)<\/li>\n<\/ul>\n<p><strong>NextPro <\/strong> informa l&#8217;usuari que, com a responsable del tractament, incorporar\u00e0 les dades personals proporcionades pels usuaris en un arxiu automatitzat.<\/p>\n<h3>Les teves dades es recullen per a:<\/h3>\n<ul>\n<li>Millorar l&#8217;experi\u00e8ncia d&#8217;usuari.<\/li>\n<li>Ser transparents respecte a les dades que obtenim sobre tu i per qu\u00e8.<\/li>\n<li>Oferir-te la millor experi\u00e8ncia possible.<\/li>\n<li>Assegurar la teva seguretat i complir amb la normativa europea.<\/li>\n<\/ul>\n<p>Si desitges obtenir m\u00e9s informaci\u00f3 sobre el tractament de les teves dades, consulta les diferents seccions de la pol\u00edtica de privacitat a continuaci\u00f3:<\/p>\n<h3>Responsable del Tractament de Les teves Dades Personals<\/h3>\n<p><strong>Identitat<\/strong>: NextPro High Performance Tennis Team, SL<\/p>\n<p><strong>Domicili social:<\/strong> <\/p>\n<p><strong>CIF:<\/strong> <\/p>\n<p><strong>Email:<\/strong> <a href=\"mailto:info@nextprotennis.com\">info@nextprotennis.com<\/a><\/p>\n<p>Si tens preguntes sobre el tractament de les teves dades personals, pots contactar amb el nostre Delegat de Protecci\u00f3 de Dades en <a href=\"mailto:info@nextprotennis.com\">info@nextprotennis.com<\/a>.<\/p>\n<h3>Dades Personals que recopilem<\/h3>\n<ul>\n<li><span style=\"text-align: var(--text-align); font-size: 1rem;\">Dades d&#8217;ubicaci\u00f3.<\/span><\/li>\n<li>Adre\u00e7a IP, data i hora d&#8217;acc\u00e9s als nostres serveis, navegador d&#8217;internet i dades sobre el sistema operatiu del dispositiu.<\/li>\n<\/ul>\n<p>L&#8217;emplenament del formulari de registre per a accedir i gaudir d&#8217;uns certs serveis oferts en la web \u00e9s obligatori; d&#8217;igual manera, no proporcionar les dades personals sol\u00b7licitades o no acceptar aquesta pol\u00edtica de protecci\u00f3 de dades implica la impossibilitat de subscriure&#8217;s, registrar-se o participar en qualsevol de les promocions en les quals se sol\u00b7licitin dades personals.<\/p>\n<h3>Per Qu\u00e8 i Per a Qu\u00e8 Tractem Les teves Dades?<\/h3>\n<ul>\n<li>Gestionar consultes sobre els nostres serveis.<\/li>\n<\/ul>\n\t\t\t\t\t\t\t\t<\/div>\n\t\t\t\t<\/div>\n\t\t\t\t\t<\/div>\n\t\t\t\t<\/div>\n\t\t\t\t<\/div>\n\t\t","protected":false},"excerpt":{"rendered":"<p>Informaci\u00f3 B\u00e0sica sobre Protecci\u00f3 de Dades Responsable: NextPro High Performance Tennis Team, SL Finalitat: Gesti\u00f3 d&#8217;usuaris web, comunicacions comercials relacionades amb els nostres serveis. Legitimaci\u00f3: Consentiment expr\u00e9s i inter\u00e8s leg\u00edtim. Destinataris: No se cediran dades a tercers, excepte obligaci\u00f3 legal. Drets: Accedir, rectificar i suprimir les dades, aix\u00ed com altres drets, com s&#8217;explica en la [&hellip;]<\/p>\n","protected":false},"author":1,"featured_media":0,"parent":0,"menu_order":0,"comment_status":"closed","ping_status":"closed","template":"","meta":{"_acf_changed":false,"footnotes":""},"class_list":["post-826","page","type-page","status-publish","hentry"],"acf":[],"yoast_head":"<!-- This site is optimized with the Yoast SEO Premium plugin v26.2 (Yoast SEO v26.8) - https:\/\/yoast.com\/product\/yoast-seo-premium-wordpress\/ -->\n<title>Pol\u00edtica de privacitat - NEXTPRO High-Performance Tennis Team<\/title>\n<meta name=\"robots\" content=\"index, follow, max-snippet:-1, max-image-preview:large, max-video-preview:-1\" \/>\n<link rel=\"canonical\" href=\"https:\/\/www.nextprotennis.com\/politica-de-privacidad\/\" \/>\n<meta property=\"og:locale\" content=\"ca_ES\" \/>\n<meta property=\"og:type\" content=\"article\" \/>\n<meta property=\"og:title\" content=\"Pol\u00edtica de privacitat\" \/>\n<meta property=\"og:description\" content=\"Informaci\u00f3 B\u00e0sica sobre Protecci\u00f3 de Dades Responsable: NextPro High Performance Tennis Team, SL Finalitat: Gesti\u00f3 d&#8217;usuaris web, comunicacions comercials relacionades amb els nostres serveis. Legitimaci\u00f3: Consentiment expr\u00e9s i inter\u00e8s leg\u00edtim. Destinataris: No se cediran dades a tercers, excepte obligaci\u00f3 legal. Drets: Accedir, rectificar i suprimir les dades, aix\u00ed com altres drets, com s&#8217;explica en la [&hellip;]\" \/>\n<meta property=\"og:url\" content=\"https:\/\/www.nextprotennis.com\/politica-de-privacidad\/\" \/>\n<meta property=\"og:site_name\" content=\"NEXTPRO High-Performance Tennis Team\" \/>\n<meta property=\"article:publisher\" content=\"https:\/\/www.facebook.com\/NEXTPRO.tennis\/\" \/>\n<meta property=\"article:modified_time\" content=\"2024-05-14T09:23:38+00:00\" \/>\n<meta name=\"twitter:card\" content=\"summary_large_image\" \/>\n<meta name=\"twitter:label1\" content=\"Temps estimat de lectura\" \/>\n\t<meta name=\"twitter:data1\" content=\"2 minuts\" \/>\n<script type=\"application\/ld+json\" class=\"yoast-schema-graph\">{\"@context\":\"https:\/\/schema.org\",\"@graph\":[{\"@type\":\"WebPage\",\"@id\":\"https:\/\/www.nextprotennis.com\/politica-de-privacidad\/\",\"url\":\"https:\/\/www.nextprotennis.com\/politica-de-privacidad\/\",\"name\":\"Pol\u00edtica de privacitat - NEXTPRO High-Performance Tennis Team\",\"isPartOf\":{\"@id\":\"https:\/\/www.nextprotennis.com\/#website\"},\"datePublished\":\"2024-05-13T10:13:08+00:00\",\"dateModified\":\"2024-05-14T09:23:38+00:00\",\"breadcrumb\":{\"@id\":\"https:\/\/www.nextprotennis.com\/politica-de-privacidad\/#breadcrumb\"},\"inLanguage\":\"ca\",\"potentialAction\":[{\"@type\":\"ReadAction\",\"target\":[\"https:\/\/www.nextprotennis.com\/politica-de-privacidad\/\"]}]},{\"@type\":\"BreadcrumbList\",\"@id\":\"https:\/\/www.nextprotennis.com\/politica-de-privacidad\/#breadcrumb\",\"itemListElement\":[{\"@type\":\"ListItem\",\"position\":1,\"name\":\"Portada\",\"item\":\"https:\/\/www.nextprotennis.com\/\"},{\"@type\":\"ListItem\",\"position\":2,\"name\":\"Pol\u00edtica de privacitat\"}]},{\"@type\":\"WebSite\",\"@id\":\"https:\/\/www.nextprotennis.com\/#website\",\"url\":\"https:\/\/www.nextprotennis.com\/\",\"name\":\"NEXTPRO High-Performance Tennis Team\",\"description\":\"High-Performance Tennis Team\",\"publisher\":{\"@id\":\"https:\/\/www.nextprotennis.com\/#organization\"},\"potentialAction\":[{\"@type\":\"SearchAction\",\"target\":{\"@type\":\"EntryPoint\",\"urlTemplate\":\"https:\/\/www.nextprotennis.com\/?s={search_term_string}\"},\"query-input\":{\"@type\":\"PropertyValueSpecification\",\"valueRequired\":true,\"valueName\":\"search_term_string\"}}],\"inLanguage\":\"ca\"},{\"@type\":\"Organization\",\"@id\":\"https:\/\/www.nextprotennis.com\/#organization\",\"name\":\"NEXTPRO High-Performance Tennis Team\",\"url\":\"https:\/\/www.nextprotennis.com\/\",\"logo\":{\"@type\":\"ImageObject\",\"inLanguage\":\"ca\",\"@id\":\"https:\/\/www.nextprotennis.com\/#\/schema\/logo\/image\/\",\"url\":\"https:\/\/www.nextprotennis.com\/wp-content\/uploads\/2020\/02\/Color-logo-no-background.svg\",\"contentUrl\":\"https:\/\/www.nextprotennis.com\/wp-content\/uploads\/2020\/02\/Color-logo-no-background.svg\",\"width\":3169.971671388102,\"height\":1232.2946824027863,\"caption\":\"NEXTPRO High-Performance Tennis Team\"},\"image\":{\"@id\":\"https:\/\/www.nextprotennis.com\/#\/schema\/logo\/image\/\"},\"sameAs\":[\"https:\/\/www.facebook.com\/NEXTPRO.tennis\/\",\"https:\/\/www.instagram.com\/nextpro.tennis\"]}]}<\/script>\n<!-- \/ Yoast SEO Premium plugin. -->","yoast_head_json":{"title":"Pol\u00edtica de privacitat - NEXTPRO High-Performance Tennis Team","robots":{"index":"index","follow":"follow","max-snippet":"max-snippet:-1","max-image-preview":"max-image-preview:large","max-video-preview":"max-video-preview:-1"},"canonical":"https:\/\/www.nextprotennis.com\/politica-de-privacidad\/","og_locale":"ca_ES","og_type":"article","og_title":"Pol\u00edtica de privacitat","og_description":"Informaci\u00f3 B\u00e0sica sobre Protecci\u00f3 de Dades Responsable: NextPro High Performance Tennis Team, SL Finalitat: Gesti\u00f3 d&#8217;usuaris web, comunicacions comercials relacionades amb els nostres serveis. Legitimaci\u00f3: Consentiment expr\u00e9s i inter\u00e8s leg\u00edtim. Destinataris: No se cediran dades a tercers, excepte obligaci\u00f3 legal. Drets: Accedir, rectificar i suprimir les dades, aix\u00ed com altres drets, com s&#8217;explica en la [&hellip;]","og_url":"https:\/\/www.nextprotennis.com\/politica-de-privacidad\/","og_site_name":"NEXTPRO High-Performance Tennis Team","article_publisher":"https:\/\/www.facebook.com\/NEXTPRO.tennis\/","article_modified_time":"2024-05-14T09:23:38+00:00","twitter_card":"summary_large_image","twitter_misc":{"Temps estimat de lectura":"2 minuts"},"schema":{"@context":"https:\/\/schema.org","@graph":[{"@type":"WebPage","@id":"https:\/\/www.nextprotennis.com\/politica-de-privacidad\/","url":"https:\/\/www.nextprotennis.com\/politica-de-privacidad\/","name":"Pol\u00edtica de privacitat - NEXTPRO High-Performance Tennis Team","isPartOf":{"@id":"https:\/\/www.nextprotennis.com\/#website"},"datePublished":"2024-05-13T10:13:08+00:00","dateModified":"2024-05-14T09:23:38+00:00","breadcrumb":{"@id":"https:\/\/www.nextprotennis.com\/politica-de-privacidad\/#breadcrumb"},"inLanguage":"ca","potentialAction":[{"@type":"ReadAction","target":["https:\/\/www.nextprotennis.com\/politica-de-privacidad\/"]}]},{"@type":"BreadcrumbList","@id":"https:\/\/www.nextprotennis.com\/politica-de-privacidad\/#breadcrumb","itemListElement":[{"@type":"ListItem","position":1,"name":"Portada","item":"https:\/\/www.nextprotennis.com\/"},{"@type":"ListItem","position":2,"name":"Pol\u00edtica de privacitat"}]},{"@type":"WebSite","@id":"https:\/\/www.nextprotennis.com\/#website","url":"https:\/\/www.nextprotennis.com\/","name":"NEXTPRO High-Performance Tennis Team","description":"High-Performance Tennis Team","publisher":{"@id":"https:\/\/www.nextprotennis.com\/#organization"},"potentialAction":[{"@type":"SearchAction","target":{"@type":"EntryPoint","urlTemplate":"https:\/\/www.nextprotennis.com\/?s={search_term_string}"},"query-input":{"@type":"PropertyValueSpecification","valueRequired":true,"valueName":"search_term_string"}}],"inLanguage":"ca"},{"@type":"Organization","@id":"https:\/\/www.nextprotennis.com\/#organization","name":"NEXTPRO High-Performance Tennis Team","url":"https:\/\/www.nextprotennis.com\/","logo":{"@type":"ImageObject","inLanguage":"ca","@id":"https:\/\/www.nextprotennis.com\/#\/schema\/logo\/image\/","url":"https:\/\/www.nextprotennis.com\/wp-content\/uploads\/2020\/02\/Color-logo-no-background.svg","contentUrl":"https:\/\/www.nextprotennis.com\/wp-content\/uploads\/2020\/02\/Color-logo-no-background.svg","width":3169.971671388102,"height":1232.2946824027863,"caption":"NEXTPRO High-Performance Tennis Team"},"image":{"@id":"https:\/\/www.nextprotennis.com\/#\/schema\/logo\/image\/"},"sameAs":["https:\/\/www.facebook.com\/NEXTPRO.tennis\/","https:\/\/www.instagram.com\/nextpro.tennis"]}]}},"_links":{"self":[{"href":"https:\/\/www.nextprotennis.com\/ca\/wp-json\/wp\/v2\/pages\/826","targetHints":{"allow":["GET"]}}],"collection":[{"href":"https:\/\/www.nextprotennis.com\/ca\/wp-json\/wp\/v2\/pages"}],"about":[{"href":"https:\/\/www.nextprotennis.com\/ca\/wp-json\/wp\/v2\/types\/page"}],"author":[{"embeddable":true,"href":"https:\/\/www.nextprotennis.com\/ca\/wp-json\/wp\/v2\/users\/1"}],"replies":[{"embeddable":true,"href":"https:\/\/www.nextprotennis.com\/ca\/wp-json\/wp\/v2\/comments?post=826"}],"version-history":[{"count":1,"href":"https:\/\/www.nextprotennis.com\/ca\/wp-json\/wp\/v2\/pages\/826\/revisions"}],"predecessor-version":[{"id":827,"href":"https:\/\/www.nextprotennis.com\/ca\/wp-json\/wp\/v2\/pages\/826\/revisions\/827"}],"wp:attachment":[{"href":"https:\/\/www.nextprotennis.com\/ca\/wp-json\/wp\/v2\/media?parent=826"}],"curies":[{"name":"wp","href":"https:\/\/api.w.org\/{rel}","templated":true}]}}