{"id":832,"date":"2024-05-13T15:06:23","date_gmt":"2024-05-13T13:06:23","guid":{"rendered":"https:\/\/www.nextprotennis.com\/termes-i-condicions\/"},"modified":"2024-05-13T15:06:23","modified_gmt":"2024-05-13T13:06:23","slug":"termes-i-condicions","status":"publish","type":"page","link":"https:\/\/www.nextprotennis.com\/ca\/termes-i-condicions\/","title":{"rendered":"Termes i condicions"},"content":{"rendered":"\n<!-- This legal document was generated by Complianz Terms &amp; Conditions https:\/\/wordpress.org\/plugins\/complianz-terms-conditions -->\n<div id=\"cmplz-document\" class=\"cmplz-document cmplz-terms-conditions \"><p><i>Els Termes i condicions es van actualitzar per \u00faltima vegada el 13\/05\/2024<\/i><\/p><h2>1. Introducci\u00f3<\/h2><p>Aquests Termes i condicions s'apliquen a aquest lloc web i a les transaccions relacionades amb els nostres productes i serveis.&nbsp;\u00c9s possible que estigui vinculat per contractes addicionals relacionats amb la seva relaci\u00f3 amb nosaltres o amb qualsevol producte o servei que rebeu de nosaltres.&nbsp;Si alguna disposici\u00f3 dels contractes addicionals entra en conflicte amb qualsevol d'aquestes Condicions, les disposicions d'aquests contractes addicionals controlaran i prevaldran.<\/p><h2>2. Vinculaci\u00f3<\/h2><p>En registrar-se, accedir o utilitzar d'una altra manera aquest lloc web, vost\u00e8 accepta estar subjecte a aquests Termes i condicions que s'indiquen a continuaci\u00f3.&nbsp;El sol \u00fas d'aquest lloc web implica el coneixement i l'acceptaci\u00f3 d'aquests Termes i condicions.&nbsp;En alguns casos particulars, tamb\u00e9 podem demanar-vos que accepteu expl\u00edcitament.<\/p><h2>3. Comunicaci\u00f3 electr\u00f2nica<\/h2><p>En utilitzar aquest lloc web o en comunicar-se amb nosaltres per mitjans electr\u00f2nics, accepteu i reconeixeu que ens podem comunicar amb vosaltres electr\u00f2nicament al nostre lloc web o enviant-vos un correu electr\u00f2nic, i accepteu que tots els acords, avisos, revelacions i altres comunicacions que fem proporcionar-li electr\u00f2nicament satisfer qualsevol requisit legal, incl\u00f2s, entre d'altres, el requisit que aquestes comunicacions s'hagin de fer per escrit.<\/p><h2>4. Propietat intel\u00b7lectual<\/h2><p>Nosaltres o els nostres llicenciants posse\u00efm i controlem tots els drets d'autor i altres drets de propietat intel\u00b7lectual del lloc web i les dades, la informaci\u00f3 i altres recursos que es mostren o accessibles al lloc web.<\/p><p class=\"cmplz-subtitle\">4.1 Tots els drets estan reservats<\/p><p>Llevat que el contingut espec\u00edfic indiqui el contrari, no se us concedeix cap llic\u00e8ncia ni cap altre dret en virtut de drets d'autor, marques comercials, patents o altres drets de propietat intel\u00b7lectual.&nbsp;Aix\u00f2 vol dir que no utilitzar\u00e0, copiar\u00e0, reproduir\u00e0, executar\u00e0, mostrar\u00e0, distribuir\u00e0, incrustar\u00e0 en cap mitj\u00e0 electr\u00f2nic, alterar\u00e0, realitzar\u00e0 enginyeria inversa, descompilar\u00e0, transferir\u00e0, descarregar\u00e0, transmetr\u00e0, monetitzar\u00e0, vendre, comercialitzar o comercialitzar cap recurs d'aquest lloc web. de qualsevol forma, sense el nostre perm\u00eds previ per escrit, excepte i nom\u00e9s en la mesura que s'estipuli el contrari en les normes de llei imperativa (com ara el dret a cotitzaci\u00f3).<\/p><h2>5. Propietat de tercers<\/h2><p>El nostre lloc web pot incloure hipervincles o altres refer\u00e8ncies a llocs web d'altres parts.&nbsp;No controlem ni revisem el contingut dels llocs web d'altres parts als quals s'enlla\u00e7a des d'aquest lloc web.&nbsp;Els productes o serveis oferts per altres llocs web estaran subjectes als Termes i Condicions aplicables d'aquests tercers.&nbsp;Les opinions expressades o el material que apareix en aquests llocs web no \u00e9s necess\u00e0riament compartit ni avalat per nosaltres.<\/p><p>No serem responsables de cap pr\u00e0ctica de privadesa o contingut d'aquests llocs.&nbsp;Vost\u00e8 assumeix tots els riscos associats amb l'\u00fas d'aquests llocs web i qualsevol servei de tercers relacionat.&nbsp;No acceptarem cap responsabilitat per cap p\u00e8rdua o dany de qualsevol manera, sigui quina sigui la causa, que resulti de la seva divulgaci\u00f3 a tercers d'informaci\u00f3 personal.<\/p><h2>6. \u00das responsable<\/h2><p>En visitar el nostre lloc web, accepteu utilitzar-lo nom\u00e9s per als prop\u00f2sits previstos i tal com ho permeten aquestes Condicions, qualsevol contracte addicional amb nosaltres i les lleis, regulacions i pr\u00e0ctiques en l\u00ednia generalment acceptades i directrius del sector.&nbsp;No heu d'utilitzar el nostre lloc web o serveis per utilitzar, publicar o distribuir cap material que consisti en (o estigui vinculat a) programari inform\u00e0tic malici\u00f3s; utilitzar les dades recollides del nostre lloc web per a qualsevol activitat de m\u00e0rqueting directe o realitzar activitats de recollida de dades sistem\u00e0tica o automatitzada al nostre lloc web o en relaci\u00f3 amb ell.<\/p><p>Queda totalment prohibit participar en qualsevol activitat que causi o pugui causar danys al lloc web o que interfereixi amb el rendiment, la disponibilitat o l'accessibilitat del lloc web.<\/p><h2>7. Presentaci\u00f3 d&#039;idees<\/h2><p>No envieu idees, invencions, obres d'autoria o altra informaci\u00f3 que es pugui considerar propietat intel\u00b7lectual pr\u00f2pia que ens agradaria presentar, tret que primer h\u00e0gim signat un acord sobre la propietat intel\u00b7lectual o un acord de no divulgaci\u00f3.&nbsp;Si ens ho revelas sense aquest acord per escrit, ens atorgues una llic\u00e8ncia mundial, irrevocable, no exclusiva i lliure de drets d'autor per utilitzar, reproduir, emmagatzemar, adaptar, publicar, traduir i distribuir el teu contingut en qualsevol mitj\u00e0 existent o futur. .<\/p><h2>8. Finalitzaci\u00f3 de l&#039;\u00fas<\/h2><p>Podem, a la nostra discreci\u00f3, modificar o interrompre l'acc\u00e9s, de manera temporal o permanent, en qualsevol moment al lloc web o a qualsevol Servei que hi hagi.&nbsp;Accepteu que no serem responsables davant vostre o cap tercer per qualsevol modificaci\u00f3, suspensi\u00f3 o interrupci\u00f3 del vostre acc\u00e9s o \u00fas del lloc web o qualsevol contingut que pugueu haver compartit al lloc web.&nbsp;No tindreu dret a cap compensaci\u00f3 ni cap altre pagament, fins i tot si determinades caracter\u00edstiques, configuraci\u00f3 i\/o qualsevol Contingut amb qu\u00e8 h\u00e0giu contribu\u00eft o en qu\u00e8 us heu confiat, es perdin permanentment.&nbsp;No heu d'eludir ni eludir, ni intentar eludir o eludir cap mesura de restricci\u00f3 d'acc\u00e9s al nostre lloc web.<\/p><h2>9. Garanties i responsabilitat<\/h2><p>Res d'aquesta secci\u00f3 limitar\u00e0 o exclour\u00e0 cap garantia impl\u00edcita per la llei que seria il\u00b7legal limitar o excloure.&nbsp;Aquest lloc web i tot el contingut del lloc web es proporcionen \"tal qual\" i \"segons estiguin disponibles\" i poden incloure inexactituds o errors tipogr\u00e0fics.&nbsp;Declinem expressament totes les garanties de qualsevol tipus, ja siguin expl\u00edcites o impl\u00edcites, quant a la disponibilitat, exactitud o integritat del Contingut.&nbsp;No donem cap garantia que:<\/p><p><ul>\n                    <li>aquest lloc web o el nostre contingut satisfar\u00e0 els vostres requisits;<\/li>\n                    <li>aquest lloc web estar\u00e0 disponible de manera ininterrompuda, oportuna, segura o sense errors.<\/li>\n        <\/ul><\/p><p>Res d'aquest lloc web no constitueix ni pret\u00e9n constituir un assessorament legal, financer o m\u00e8dic de cap tipus.&nbsp;Si necessites assessorament, has de consultar un professional adequat.<\/p><p>Les disposicions seg\u00fcents d'aquesta secci\u00f3 s'aplicaran en la mesura m\u00e0xima permesa per la llei aplicable i no limitaran ni exclouran la nostra responsabilitat respecte a cap assumpte que seria il\u00b7legal o il\u00b7legal per a nosaltres limitar o excloure la nostra responsabilitat.&nbsp;En cap cas serem responsables dels danys directes o indirectes (inclosos els danys per p\u00e8rdua de beneficis o ingressos, p\u00e8rdua o corrupci\u00f3 de dades, programari o base de dades, o p\u00e8rdua o dany a la propietat o les dades) incorregut per vost\u00e8 o qualsevol tercer. part, derivada del vostre acc\u00e9s o \u00fas del nostre lloc web.<\/p><p>Excepte en la mesura que qualsevol contracte addicional estableixi expressament el contrari, la nostra m\u00e0xima responsabilitat envers vost\u00e8 per tots els danys derivats o relacionats amb el lloc web o qualsevol producte i servei comercialitzat o venut a trav\u00e9s del lloc web, independentment de la forma d'acci\u00f3 legal que imposa la responsabilitat ( ja sigui en contracte, equitat, neglig\u00e8ncia, conducta prevista, dany o d'una altra manera) es limitar\u00e0 a 0.&nbsp;Aquest l\u00edmit s'aplicar\u00e0 en conjunt a totes les seves reclamacions, accions i causes d'acci\u00f3 de qualsevol tipus i naturalesa.<\/p><h2>10. Privadesa<\/h2><p>Per accedir al nostre lloc web i\/o serveis, \u00e9s possible que se us demani que proporcioneu certa informaci\u00f3 sobre vosaltres mateixos com a part del proc\u00e9s de registre.&nbsp;Accepteu que qualsevol informaci\u00f3 que proporcioneu ser\u00e0 sempre precisa, correcta i actualitzada.<\/p><p>Hem desenvolupat una pol\u00edtica per resoldre qualsevol problema de privadesa que pugui tenir.&nbsp;Per obtenir m\u00e9s informaci\u00f3, consulteu la nostra <a href=\"https:\/\/www.nextprotennis.com\/politica-de-privacidad\">Declaraci\u00f3 de privadesa<\/a> i la nostra <a href=\"https:\/\/www.nextprotennis.com\/politica-de-cookies-ue\/\">Pol\u00edtica de galetes<\/a>.<\/p><h2>11. Restriccions d&#039;exportaci\u00f3 \/ Compliment legal<\/h2><p>Est\u00e0 prohibit l'acc\u00e9s al lloc web des de territoris o pa\u00efsos on el Contingut o la compra dels productes o Serveis venuts al lloc web \u00e9s il\u00b7legal.&nbsp;No podeu utilitzar aquest lloc web infringint les lleis i regulacions d'exportaci\u00f3 de Espanya.<\/p><h2>12. Enc\u00e0rrec<\/h2><p>No podeu cedir, transferir o subcontractar cap dels vostres drets i\/o obligacions en virtut d'aquests Termes i condicions, totalment o parcialment, a cap tercer sense el nostre consentiment previ per escrit.&nbsp;Qualsevol presumpta cessi\u00f3 que infringeixi aquesta Secci\u00f3 ser\u00e0 nul\u00b7la de ple dret.<\/p><h2>13. Incompliments d&#039;aquests Termes i condicions<\/h2><p>Sense perjudici dels nostres altres drets en virtut d'aquests Termes i Condicions, si incompleixes aquests Termes i Condicions d'alguna manera, podrem prendre les mesures que considerem oportunes per fer front a l'incompliment, inclosa la suspensi\u00f3 temporal o permanent del teu acc\u00e9s al lloc web, posant-nos en contacte. el vostre prove\u00efdor de serveis d'Internet per sol\u00b7licitar que bloquegi el vostre acc\u00e9s al lloc web i\/o iniciar accions legals contra vosaltres.<\/p><h2>14. Indemnitzaci\u00f3<\/h2><p>Accepteu indemnitzar-nos, defensar-nos i mantenir-nos indemnes de qualsevol reclamaci\u00f3, responsabilitat, dany, p\u00e8rdues i despeses relacionades amb la vostra violaci\u00f3 d'aquests Termes i condicions i de les lleis aplicables, inclosos els drets de propietat intel\u00b7lectual i els drets de privadesa.&nbsp;Ens reemborsar\u00e0 immediatament els nostres danys, p\u00e8rdues, costos i despeses relacionats o derivats d'aquestes reclamacions.<\/p><h2>15. Ren\u00fancia<\/h2><p>L'incompliment de qualsevol de les disposicions establertes en aquests Termes i Condicions i qualsevol Acord, o la manca d'exercir qualsevol opci\u00f3 de rescissi\u00f3, no s'interpretar\u00e0 com una ren\u00fancia a aquestes disposicions i no afectar\u00e0 la validesa d'aquests Termes i Condicions ni de cap Acord o qualsevol part d'aquest, o el dret posterior a fer complir totes i cadascuna de les disposicions.<\/p><h2>16. Llengua<\/h2><p>Aquests Termes i Condicions s'interpretaran i interpretaran exclusivament en Catal\u00e0; Valenci\u00e0, Angl\u00e8s i  Espanyol; Castell\u00e0.&nbsp;Tots els avisos i correspond\u00e8ncia es redactaran exclusivament en aquest idioma.<\/p><h2>17. Acord sencer<\/h2><p>These Terms and Conditions, together with our <a href=\"https:\/\/www.nextprotennis.com\/politica-de-privacidad\">privacy statement<\/a> and <a href=\"https:\/\/www.nextprotennis.com\/politica-de-cookies-ue\/\">cookie policy<\/a>, constitute the entire agreement between you and NextPro High Performance Tennis Team, SL in relation to your use of this website.<\/p><h2>18. Actualitzaci\u00f3 d&#039;aquests Termes i condicions<\/h2><p>Podem actualitzar aquests Termes i Condicions de tant en tant.&nbsp;La data indicada a l'inici d'aquests Termes i Condicions \u00e9s la data de l'\u00faltima revisi\u00f3.&nbsp;Us enviarem un av\u00eds per escrit de qualsevol canvi o actualitzaci\u00f3, i els Termes i condicions revisats entraran en vigor a partir de la data en qu\u00e8 us donem aquest av\u00eds.&nbsp;El vostre \u00fas continuat d'aquest lloc web despr\u00e9s de la publicaci\u00f3 de canvis o actualitzacions es considerar\u00e0 un av\u00eds de la vostra acceptaci\u00f3 de complir i estar vinculat per aquests Termes i Condicions.&nbsp;Per sol\u00b7licitar una versi\u00f3 pr\u00e8via d'aquests Termes i condicions, poseu-vos en contacte amb nosaltres.<\/p><h2>19. Elecci\u00f3 de la llei i jurisdicci\u00f3<\/h2><p>Aquests Termes i Condicions es regiran per les lleis de Espanya.&nbsp;Qualsevol controv\u00e8rsia relacionada amb aquests Termes i Condicions estar\u00e0 sotmesa a la jurisdicci\u00f3 dels tribunals de Espanya.&nbsp;Si un tribunal o una altra autoritat considera que alguna part o disposici\u00f3 d'aquests Termes i Condicions \u00e9s inv\u00e0lida i\/o inaplicable d'acord amb la llei aplicable, aquesta part o disposici\u00f3 es modificar\u00e0, esborrar\u00e0 i\/o s'aplicar\u00e0 en la mesura m\u00e0xima permissible per tal de donar efecte a la intenci\u00f3 d'aquests Termes i Condicions.&nbsp;La resta de disposicions no es veuran afectades.<\/p><h2>20. Informaci\u00f3 de contacte<\/h2><p>Aquest lloc web \u00e9s propietat i est\u00e0 gestionat per NextPro High Performance Tennis Team, SL.<\/p><p>You may contact us regarding these Terms and Conditions by writing or emailing us at the following address: &#105;&#110;fo&#064;&#110;e&#120;&#116;&#112;r&#111;te&#110;&#110;is&#046;&#099;o&#109;<br>cubelles <\/p><h2>21. Descarregar<\/h2><p>Tamb\u00e9 podeu <a href=\"https:\/\/www.nextprotennis.com\/wp-content\/plugins\/complianz-terms-conditions\/download.php\">baixar<\/a> els nostres termes i condicions com a PDF.<\/p><\/div>\n","protected":false},"excerpt":{"rendered":"","protected":false},"author":1,"featured_media":0,"parent":0,"menu_order":0,"comment_status":"closed","ping_status":"closed","template":"","meta":{"_acf_changed":false,"footnotes":""},"class_list":["post-832","page","type-page","status-publish","hentry"],"acf":[],"yoast_head":"<!-- This site is optimized with the Yoast SEO Premium plugin v26.2 (Yoast SEO v26.8) - https:\/\/yoast.com\/product\/yoast-seo-premium-wordpress\/ -->\n<title>Termes i condicions - NEXTPRO High-Performance Tennis Team<\/title>\n<meta name=\"robots\" content=\"index, follow, max-snippet:-1, max-image-preview:large, max-video-preview:-1\" \/>\n<link rel=\"canonical\" href=\"https:\/\/www.nextprotennis.com\/terminos-y-condiciones\/\" \/>\n<meta property=\"og:locale\" content=\"ca_ES\" \/>\n<meta property=\"og:type\" content=\"article\" \/>\n<meta property=\"og:title\" content=\"Termes i condicions\" \/>\n<meta property=\"og:url\" content=\"https:\/\/www.nextprotennis.com\/terminos-y-condiciones\/\" \/>\n<meta property=\"og:site_name\" content=\"NEXTPRO High-Performance Tennis Team\" \/>\n<meta property=\"article:publisher\" content=\"https:\/\/www.facebook.com\/NEXTPRO.tennis\/\" \/>\n<meta name=\"twitter:card\" content=\"summary_large_image\" \/>\n<script type=\"application\/ld+json\" class=\"yoast-schema-graph\">{\"@context\":\"https:\/\/schema.org\",\"@graph\":[{\"@type\":\"WebPage\",\"@id\":\"https:\/\/www.nextprotennis.com\/terminos-y-condiciones\/\",\"url\":\"https:\/\/www.nextprotennis.com\/terminos-y-condiciones\/\",\"name\":\"Termes i condicions - NEXTPRO High-Performance Tennis Team\",\"isPartOf\":{\"@id\":\"https:\/\/www.nextprotennis.com\/#website\"},\"datePublished\":\"2024-05-13T13:06:23+00:00\",\"breadcrumb\":{\"@id\":\"https:\/\/www.nextprotennis.com\/terminos-y-condiciones\/#breadcrumb\"},\"inLanguage\":\"ca\",\"potentialAction\":[{\"@type\":\"ReadAction\",\"target\":[\"https:\/\/www.nextprotennis.com\/terminos-y-condiciones\/\"]}]},{\"@type\":\"BreadcrumbList\",\"@id\":\"https:\/\/www.nextprotennis.com\/terminos-y-condiciones\/#breadcrumb\",\"itemListElement\":[{\"@type\":\"ListItem\",\"position\":1,\"name\":\"Portada\",\"item\":\"https:\/\/www.nextprotennis.com\/\"},{\"@type\":\"ListItem\",\"position\":2,\"name\":\"Termes i condicions\"}]},{\"@type\":\"WebSite\",\"@id\":\"https:\/\/www.nextprotennis.com\/#website\",\"url\":\"https:\/\/www.nextprotennis.com\/\",\"name\":\"NEXTPRO High-Performance Tennis Team\",\"description\":\"High-Performance Tennis Team\",\"publisher\":{\"@id\":\"https:\/\/www.nextprotennis.com\/#organization\"},\"potentialAction\":[{\"@type\":\"SearchAction\",\"target\":{\"@type\":\"EntryPoint\",\"urlTemplate\":\"https:\/\/www.nextprotennis.com\/?s={search_term_string}\"},\"query-input\":{\"@type\":\"PropertyValueSpecification\",\"valueRequired\":true,\"valueName\":\"search_term_string\"}}],\"inLanguage\":\"ca\"},{\"@type\":\"Organization\",\"@id\":\"https:\/\/www.nextprotennis.com\/#organization\",\"name\":\"NEXTPRO High-Performance Tennis Team\",\"url\":\"https:\/\/www.nextprotennis.com\/\",\"logo\":{\"@type\":\"ImageObject\",\"inLanguage\":\"ca\",\"@id\":\"https:\/\/www.nextprotennis.com\/#\/schema\/logo\/image\/\",\"url\":\"https:\/\/www.nextprotennis.com\/wp-content\/uploads\/2020\/02\/Color-logo-no-background.svg\",\"contentUrl\":\"https:\/\/www.nextprotennis.com\/wp-content\/uploads\/2020\/02\/Color-logo-no-background.svg\",\"width\":3169.971671388102,\"height\":1232.2946824027863,\"caption\":\"NEXTPRO High-Performance Tennis Team\"},\"image\":{\"@id\":\"https:\/\/www.nextprotennis.com\/#\/schema\/logo\/image\/\"},\"sameAs\":[\"https:\/\/www.facebook.com\/NEXTPRO.tennis\/\",\"https:\/\/www.instagram.com\/nextpro.tennis\"]}]}<\/script>\n<!-- \/ Yoast SEO Premium plugin. -->","yoast_head_json":{"title":"Termes i condicions - NEXTPRO High-Performance Tennis Team","robots":{"index":"index","follow":"follow","max-snippet":"max-snippet:-1","max-image-preview":"max-image-preview:large","max-video-preview":"max-video-preview:-1"},"canonical":"https:\/\/www.nextprotennis.com\/terminos-y-condiciones\/","og_locale":"ca_ES","og_type":"article","og_title":"Termes i condicions","og_url":"https:\/\/www.nextprotennis.com\/terminos-y-condiciones\/","og_site_name":"NEXTPRO High-Performance Tennis Team","article_publisher":"https:\/\/www.facebook.com\/NEXTPRO.tennis\/","twitter_card":"summary_large_image","schema":{"@context":"https:\/\/schema.org","@graph":[{"@type":"WebPage","@id":"https:\/\/www.nextprotennis.com\/terminos-y-condiciones\/","url":"https:\/\/www.nextprotennis.com\/terminos-y-condiciones\/","name":"Termes i condicions - NEXTPRO High-Performance Tennis Team","isPartOf":{"@id":"https:\/\/www.nextprotennis.com\/#website"},"datePublished":"2024-05-13T13:06:23+00:00","breadcrumb":{"@id":"https:\/\/www.nextprotennis.com\/terminos-y-condiciones\/#breadcrumb"},"inLanguage":"ca","potentialAction":[{"@type":"ReadAction","target":["https:\/\/www.nextprotennis.com\/terminos-y-condiciones\/"]}]},{"@type":"BreadcrumbList","@id":"https:\/\/www.nextprotennis.com\/terminos-y-condiciones\/#breadcrumb","itemListElement":[{"@type":"ListItem","position":1,"name":"Portada","item":"https:\/\/www.nextprotennis.com\/"},{"@type":"ListItem","position":2,"name":"Termes i condicions"}]},{"@type":"WebSite","@id":"https:\/\/www.nextprotennis.com\/#website","url":"https:\/\/www.nextprotennis.com\/","name":"NEXTPRO High-Performance Tennis Team","description":"High-Performance Tennis Team","publisher":{"@id":"https:\/\/www.nextprotennis.com\/#organization"},"potentialAction":[{"@type":"SearchAction","target":{"@type":"EntryPoint","urlTemplate":"https:\/\/www.nextprotennis.com\/?s={search_term_string}"},"query-input":{"@type":"PropertyValueSpecification","valueRequired":true,"valueName":"search_term_string"}}],"inLanguage":"ca"},{"@type":"Organization","@id":"https:\/\/www.nextprotennis.com\/#organization","name":"NEXTPRO High-Performance Tennis Team","url":"https:\/\/www.nextprotennis.com\/","logo":{"@type":"ImageObject","inLanguage":"ca","@id":"https:\/\/www.nextprotennis.com\/#\/schema\/logo\/image\/","url":"https:\/\/www.nextprotennis.com\/wp-content\/uploads\/2020\/02\/Color-logo-no-background.svg","contentUrl":"https:\/\/www.nextprotennis.com\/wp-content\/uploads\/2020\/02\/Color-logo-no-background.svg","width":3169.971671388102,"height":1232.2946824027863,"caption":"NEXTPRO High-Performance Tennis Team"},"image":{"@id":"https:\/\/www.nextprotennis.com\/#\/schema\/logo\/image\/"},"sameAs":["https:\/\/www.facebook.com\/NEXTPRO.tennis\/","https:\/\/www.instagram.com\/nextpro.tennis"]}]}},"_links":{"self":[{"href":"https:\/\/www.nextprotennis.com\/ca\/wp-json\/wp\/v2\/pages\/832","targetHints":{"allow":["GET"]}}],"collection":[{"href":"https:\/\/www.nextprotennis.com\/ca\/wp-json\/wp\/v2\/pages"}],"about":[{"href":"https:\/\/www.nextprotennis.com\/ca\/wp-json\/wp\/v2\/types\/page"}],"author":[{"embeddable":true,"href":"https:\/\/www.nextprotennis.com\/ca\/wp-json\/wp\/v2\/users\/1"}],"replies":[{"embeddable":true,"href":"https:\/\/www.nextprotennis.com\/ca\/wp-json\/wp\/v2\/comments?post=832"}],"version-history":[{"count":0,"href":"https:\/\/www.nextprotennis.com\/ca\/wp-json\/wp\/v2\/pages\/832\/revisions"}],"wp:attachment":[{"href":"https:\/\/www.nextprotennis.com\/ca\/wp-json\/wp\/v2\/media?parent=832"}],"curies":[{"name":"wp","href":"https:\/\/api.w.org\/{rel}","templated":true}]}}