{"id":770,"date":"2024-05-13T12:18:07","date_gmt":"2024-05-13T10:18:07","guid":{"rendered":"https:\/\/www.nextprotennis.com\/legal-notice\/"},"modified":"2024-05-14T10:17:52","modified_gmt":"2024-05-14T08:17:52","slug":"legal-notice","status":"publish","type":"page","link":"https:\/\/www.nextprotennis.com\/en\/legal-notice\/","title":{"rendered":"Legal Notice"},"content":{"rendered":"\t\t<div data-elementor-type=\"wp-page\" data-elementor-id=\"770\" class=\"elementor elementor-770 elementor-574\" data-elementor-post-type=\"page\">\n\t\t\t\t<div class=\"elementor-element elementor-element-2c5daf8 e-flex e-con-boxed e-con e-parent\" data-id=\"2c5daf8\" data-element_type=\"container\" data-settings=\"{&quot;jet_parallax_layout_list&quot;:[]}\">\n\t\t\t\t\t<div class=\"e-con-inner\">\n\t\t\t\t<div class=\"elementor-element elementor-element-017910d elementor-widget elementor-widget-text-editor\" data-id=\"017910d\" data-element_type=\"widget\" data-widget_type=\"text-editor.default\">\n\t\t\t\t<div class=\"elementor-widget-container\">\n\t\t\t\t\t\t\t\t\t<div>\n\n\n    <meta charset=\"UTF-8\">\n    <title>Legal Notice<\/title>\n\n\n    <h1>Legal Notice<\/h1>\n\n    <h2>General Information<\/h2>\n    <p><strong>Company: NextPro High Performance Tennis Team, SL<\/strong><\/p>\n    <p><strong>CIF:<\/strong> [Insertar CIF]<\/p>\n    <p><strong>Registered Office:<\/strong> [Insertar direcci\u00f3n completa]<\/p>\n    <p><strong>Contact email<\/strong>: info@nextprotennis.com<\/p>\n    <p><strong>Phone:<\/strong> [Insertar n\u00famero de tel\u00e9fono]<\/p>\n\n    <h2>Intellectual and Industrial Property<\/h2>\n    <p>The content of this website is protected by intellectual and industrial property rights. Reproduction or transformation without the prior and explicit authorisation of NextPro High Performance Tennis Team, SL is prohibited.<\/p>\n\n    <h2>Responsibility for Content<\/h2>\n    <p>NextPro High Performance Tennis Team, SL is not responsible for the legality of other third party websites from which the portal can be accessed. Nor is it responsible for the legality of other websites that may be linked to or linked from this portal.<\/p>\n\n    <h2>Content Reproduction<\/h2>\n    <p>No part of the contents may be reproduced in whole or in part without the prior written permission of NextPro High Performance Tennis Team, SL.<\/p>\n\n    <h2>Registration and Security<\/h2>\n    <p>NextPro High Performance Tennis, SL complies with the obligations of security of the personal data of its users, in line with the General Data Protection Regulation (GDPR).<\/p>\n\n    <h2>Applicable Law and Competent Jurisdiction<\/h2>\n    <p>This Legal Notice is governed by Spanish law. Any dispute shall be resolved in the courts of the domicile of NextPro High Performance Tennis, SL.<\/p>\n\n    <h2>Modifications to the Legal Notice<\/h2>\n    <p>This legal notice is subject to change. It is recommended that you check this page periodically for applicable changes.<\/p>\n\n<\/div>\t\t\t\t\t\t\t\t<\/div>\n\t\t\t\t<\/div>\n\t\t\t\t\t<\/div>\n\t\t\t\t<\/div>\n\t\t\t\t<\/div>\n\t\t","protected":false},"excerpt":{"rendered":"<p>Legal Notice Legal Notice General Information Company: NextPro High Performance Tennis Team, SL CIF: [Insertar CIF] Registered Office: [Insertar direcci\u00f3n completa] Contact email: info@nextprotennis.com Phone: [Insertar n\u00famero de tel\u00e9fono] Intellectual and Industrial Property The content of this website is protected by intellectual and industrial property rights. Reproduction or transformation without the prior and explicit authorisation [&hellip;]<\/p>\n","protected":false},"author":1,"featured_media":0,"parent":0,"menu_order":0,"comment_status":"closed","ping_status":"closed","template":"","meta":{"_acf_changed":false,"footnotes":""},"class_list":["post-770","page","type-page","status-publish","hentry"],"acf":[],"yoast_head":"<!-- This site is optimized with the Yoast SEO Premium plugin v26.2 (Yoast SEO v26.8) - https:\/\/yoast.com\/product\/yoast-seo-premium-wordpress\/ -->\n<title>Legal Notice - NEXTPRO High-Performance Tennis Team<\/title>\n<meta name=\"robots\" content=\"index, follow, max-snippet:-1, max-image-preview:large, max-video-preview:-1\" \/>\n<link rel=\"canonical\" href=\"https:\/\/www.nextprotennis.com\/en\/legal-notice\/\" \/>\n<meta property=\"og:locale\" content=\"en_US\" \/>\n<meta property=\"og:type\" content=\"article\" \/>\n<meta property=\"og:title\" content=\"Legal Notice\" \/>\n<meta property=\"og:description\" content=\"Legal Notice Legal Notice General Information Company: NextPro High Performance Tennis Team, SL CIF: [Insertar CIF] Registered Office: [Insertar direcci\u00f3n completa] Contact email: info@nextprotennis.com Phone: [Insertar n\u00famero de tel\u00e9fono] Intellectual and Industrial Property The content of this website is protected by intellectual and industrial property rights. Reproduction or transformation without the prior and explicit authorisation [&hellip;]\" \/>\n<meta property=\"og:url\" content=\"https:\/\/www.nextprotennis.com\/en\/legal-notice\/\" \/>\n<meta property=\"og:site_name\" content=\"NEXTPRO High-Performance Tennis Team\" \/>\n<meta property=\"article:publisher\" content=\"https:\/\/www.facebook.com\/NEXTPRO.tennis\/\" \/>\n<meta property=\"article:modified_time\" content=\"2024-05-14T08:17:52+00:00\" \/>\n<meta name=\"twitter:card\" content=\"summary_large_image\" \/>\n<meta name=\"twitter:label1\" content=\"Est. reading time\" \/>\n\t<meta name=\"twitter:data1\" content=\"1 minute\" \/>\n<script type=\"application\/ld+json\" class=\"yoast-schema-graph\">{\"@context\":\"https:\/\/schema.org\",\"@graph\":[{\"@type\":\"WebPage\",\"@id\":\"https:\/\/www.nextprotennis.com\/en\/legal-notice\/\",\"url\":\"https:\/\/www.nextprotennis.com\/en\/legal-notice\/\",\"name\":\"Legal Notice - NEXTPRO High-Performance Tennis Team\",\"isPartOf\":{\"@id\":\"https:\/\/www.nextprotennis.com\/#website\"},\"datePublished\":\"2024-05-13T10:18:07+00:00\",\"dateModified\":\"2024-05-14T08:17:52+00:00\",\"breadcrumb\":{\"@id\":\"https:\/\/www.nextprotennis.com\/en\/legal-notice\/#breadcrumb\"},\"inLanguage\":\"en-US\",\"potentialAction\":[{\"@type\":\"ReadAction\",\"target\":[\"https:\/\/www.nextprotennis.com\/en\/legal-notice\/\"]}]},{\"@type\":\"BreadcrumbList\",\"@id\":\"https:\/\/www.nextprotennis.com\/en\/legal-notice\/#breadcrumb\",\"itemListElement\":[{\"@type\":\"ListItem\",\"position\":1,\"name\":\"Portada\",\"item\":\"https:\/\/www.nextprotennis.com\/en\/\"},{\"@type\":\"ListItem\",\"position\":2,\"name\":\"Legal Notice\"}]},{\"@type\":\"WebSite\",\"@id\":\"https:\/\/www.nextprotennis.com\/#website\",\"url\":\"https:\/\/www.nextprotennis.com\/\",\"name\":\"NEXTPRO High-Performance Tennis Team\",\"description\":\"High-Performance Tennis Team\",\"publisher\":{\"@id\":\"https:\/\/www.nextprotennis.com\/#organization\"},\"potentialAction\":[{\"@type\":\"SearchAction\",\"target\":{\"@type\":\"EntryPoint\",\"urlTemplate\":\"https:\/\/www.nextprotennis.com\/?s={search_term_string}\"},\"query-input\":{\"@type\":\"PropertyValueSpecification\",\"valueRequired\":true,\"valueName\":\"search_term_string\"}}],\"inLanguage\":\"en-US\"},{\"@type\":\"Organization\",\"@id\":\"https:\/\/www.nextprotennis.com\/#organization\",\"name\":\"NEXTPRO High-Performance Tennis Team\",\"url\":\"https:\/\/www.nextprotennis.com\/\",\"logo\":{\"@type\":\"ImageObject\",\"inLanguage\":\"en-US\",\"@id\":\"https:\/\/www.nextprotennis.com\/#\/schema\/logo\/image\/\",\"url\":\"https:\/\/www.nextprotennis.com\/wp-content\/uploads\/2020\/02\/Color-logo-no-background.svg\",\"contentUrl\":\"https:\/\/www.nextprotennis.com\/wp-content\/uploads\/2020\/02\/Color-logo-no-background.svg\",\"width\":3169.971671388102,\"height\":1232.2946824027863,\"caption\":\"NEXTPRO High-Performance Tennis Team\"},\"image\":{\"@id\":\"https:\/\/www.nextprotennis.com\/#\/schema\/logo\/image\/\"},\"sameAs\":[\"https:\/\/www.facebook.com\/NEXTPRO.tennis\/\",\"https:\/\/www.instagram.com\/nextpro.tennis\"]}]}<\/script>\n<!-- \/ Yoast SEO Premium plugin. -->","yoast_head_json":{"title":"Legal Notice - NEXTPRO High-Performance Tennis Team","robots":{"index":"index","follow":"follow","max-snippet":"max-snippet:-1","max-image-preview":"max-image-preview:large","max-video-preview":"max-video-preview:-1"},"canonical":"https:\/\/www.nextprotennis.com\/en\/legal-notice\/","og_locale":"en_US","og_type":"article","og_title":"Legal Notice","og_description":"Legal Notice Legal Notice General Information Company: NextPro High Performance Tennis Team, SL CIF: [Insertar CIF] Registered Office: [Insertar direcci\u00f3n completa] Contact email: info@nextprotennis.com Phone: [Insertar n\u00famero de tel\u00e9fono] Intellectual and Industrial Property The content of this website is protected by intellectual and industrial property rights. Reproduction or transformation without the prior and explicit authorisation [&hellip;]","og_url":"https:\/\/www.nextprotennis.com\/en\/legal-notice\/","og_site_name":"NEXTPRO High-Performance Tennis Team","article_publisher":"https:\/\/www.facebook.com\/NEXTPRO.tennis\/","article_modified_time":"2024-05-14T08:17:52+00:00","twitter_card":"summary_large_image","twitter_misc":{"Est. reading time":"1 minute"},"schema":{"@context":"https:\/\/schema.org","@graph":[{"@type":"WebPage","@id":"https:\/\/www.nextprotennis.com\/en\/legal-notice\/","url":"https:\/\/www.nextprotennis.com\/en\/legal-notice\/","name":"Legal Notice - NEXTPRO High-Performance Tennis Team","isPartOf":{"@id":"https:\/\/www.nextprotennis.com\/#website"},"datePublished":"2024-05-13T10:18:07+00:00","dateModified":"2024-05-14T08:17:52+00:00","breadcrumb":{"@id":"https:\/\/www.nextprotennis.com\/en\/legal-notice\/#breadcrumb"},"inLanguage":"en-US","potentialAction":[{"@type":"ReadAction","target":["https:\/\/www.nextprotennis.com\/en\/legal-notice\/"]}]},{"@type":"BreadcrumbList","@id":"https:\/\/www.nextprotennis.com\/en\/legal-notice\/#breadcrumb","itemListElement":[{"@type":"ListItem","position":1,"name":"Portada","item":"https:\/\/www.nextprotennis.com\/en\/"},{"@type":"ListItem","position":2,"name":"Legal Notice"}]},{"@type":"WebSite","@id":"https:\/\/www.nextprotennis.com\/#website","url":"https:\/\/www.nextprotennis.com\/","name":"NEXTPRO High-Performance Tennis Team","description":"High-Performance Tennis Team","publisher":{"@id":"https:\/\/www.nextprotennis.com\/#organization"},"potentialAction":[{"@type":"SearchAction","target":{"@type":"EntryPoint","urlTemplate":"https:\/\/www.nextprotennis.com\/?s={search_term_string}"},"query-input":{"@type":"PropertyValueSpecification","valueRequired":true,"valueName":"search_term_string"}}],"inLanguage":"en-US"},{"@type":"Organization","@id":"https:\/\/www.nextprotennis.com\/#organization","name":"NEXTPRO High-Performance Tennis Team","url":"https:\/\/www.nextprotennis.com\/","logo":{"@type":"ImageObject","inLanguage":"en-US","@id":"https:\/\/www.nextprotennis.com\/#\/schema\/logo\/image\/","url":"https:\/\/www.nextprotennis.com\/wp-content\/uploads\/2020\/02\/Color-logo-no-background.svg","contentUrl":"https:\/\/www.nextprotennis.com\/wp-content\/uploads\/2020\/02\/Color-logo-no-background.svg","width":3169.971671388102,"height":1232.2946824027863,"caption":"NEXTPRO High-Performance Tennis Team"},"image":{"@id":"https:\/\/www.nextprotennis.com\/#\/schema\/logo\/image\/"},"sameAs":["https:\/\/www.facebook.com\/NEXTPRO.tennis\/","https:\/\/www.instagram.com\/nextpro.tennis"]}]}},"_links":{"self":[{"href":"https:\/\/www.nextprotennis.com\/en\/wp-json\/wp\/v2\/pages\/770","targetHints":{"allow":["GET"]}}],"collection":[{"href":"https:\/\/www.nextprotennis.com\/en\/wp-json\/wp\/v2\/pages"}],"about":[{"href":"https:\/\/www.nextprotennis.com\/en\/wp-json\/wp\/v2\/types\/page"}],"author":[{"embeddable":true,"href":"https:\/\/www.nextprotennis.com\/en\/wp-json\/wp\/v2\/users\/1"}],"replies":[{"embeddable":true,"href":"https:\/\/www.nextprotennis.com\/en\/wp-json\/wp\/v2\/comments?post=770"}],"version-history":[{"count":3,"href":"https:\/\/www.nextprotennis.com\/en\/wp-json\/wp\/v2\/pages\/770\/revisions"}],"predecessor-version":[{"id":773,"href":"https:\/\/www.nextprotennis.com\/en\/wp-json\/wp\/v2\/pages\/770\/revisions\/773"}],"wp:attachment":[{"href":"https:\/\/www.nextprotennis.com\/en\/wp-json\/wp\/v2\/media?parent=770"}],"curies":[{"name":"wp","href":"https:\/\/api.w.org\/{rel}","templated":true}]}}